{"id":730,"date":"2023-03-15T10:55:31","date_gmt":"2023-03-15T09:55:31","guid":{"rendered":"https:\/\/broccardo.it\/2020y\/"},"modified":"2023-03-15T10:55:31","modified_gmt":"2023-03-15T09:55:31","slug":"2020y","status":"publish","type":"page","link":"https:\/\/broccardo.it\/de\/premi\/2020y\/","title":{"rendered":"2020"},"content":{"rendered":"\n<p>Ogni riconoscimento non \u00e8 un punto di arrivo, ma un punto di partenza. Siamo felici e orgogliosi di essere stati recensiti dalle pi\u00f9 importanti firme del mondo wine &amp; beverage, ed al contempo lavoriamo come sempre per confermare la qualit\u00e0 dei nostri vini e tutto l&#8217;amore per la terra che li genera.<\/p>\n","protected":false},"excerpt":{"rendered":"<p>Ogni riconoscimento non \u00e8 un punto di arrivo, ma un punto di partenza. Siamo felici e orgogliosi di essere stati recensiti dalle pi\u00f9 importanti firme&#8230;<\/p>\n","protected":false},"author":1,"featured_media":0,"parent":825,"menu_order":0,"comment_status":"closed","ping_status":"closed","template":"template-premi.php","meta":{"inline_featured_image":false,"footnotes":""},"class_list":["post-730","page","type-page","status-publish","hentry"],"acf":[],"_links":{"self":[{"href":"https:\/\/broccardo.it\/de\/wp-json\/wp\/v2\/pages\/730","targetHints":{"allow":["GET"]}}],"collection":[{"href":"https:\/\/broccardo.it\/de\/wp-json\/wp\/v2\/pages"}],"about":[{"href":"https:\/\/broccardo.it\/de\/wp-json\/wp\/v2\/types\/page"}],"author":[{"embeddable":true,"href":"https:\/\/broccardo.it\/de\/wp-json\/wp\/v2\/users\/1"}],"replies":[{"embeddable":true,"href":"https:\/\/broccardo.it\/de\/wp-json\/wp\/v2\/comments?post=730"}],"version-history":[{"count":0,"href":"https:\/\/broccardo.it\/de\/wp-json\/wp\/v2\/pages\/730\/revisions"}],"up":[{"embeddable":true,"href":"https:\/\/broccardo.it\/de\/wp-json\/wp\/v2\/pages\/825"}],"wp:attachment":[{"href":"https:\/\/broccardo.it\/de\/wp-json\/wp\/v2\/media?parent=730"}],"curies":[{"name":"wp","href":"https:\/\/api.w.org\/{rel}","templated":true}]}}