{"id":823,"date":"2023-03-08T17:30:28","date_gmt":"2023-03-08T16:30:28","guid":{"rendered":"https:\/\/broccardo.it\/barolo\/"},"modified":"2023-08-03T10:25:33","modified_gmt":"2023-08-03T08:25:33","slug":"barolo","status":"publish","type":"page","link":"https:\/\/broccardo.it\/de\/barolo\/","title":{"rendered":"Barolo"},"content":{"rendered":"\n<p>Die Weine der Bezeichnung Barolo DOCG entsprechen den Typen Barolo und Barolo Riserva und werden aus der reinen Weinbereitung der Nebbiolo-Rebe gewonnen, die nach traditionellen Methoden angebaut wird, d. h. mit Guyot-Schnitt und Spaliererziehung. Die Disziplin sieht eine Verfeinerungszeit von jeweils 38 Monaten vor, davon 18 in Holz f\u00fcr die Basisversion und 62 Monaten, davon 18 in Holz f\u00fcr die Reserveversion. Der charakteristische Charakter des Barolo ist seine Struktur, die ein komplexes und umh\u00fcllendes Bouquet von gro\u00dfer Langlebigkeit zum Ausdruck bringt, das hei\u00dft, er kann sich im Laufe der Zeit weiterentwickeln, ohne seine organoleptischen Eigenschaften zu verlieren.<br>Das Anwesen besteht aus 5,5 Hektar Nebbiolo da Barolo-Weinbergen, die sich zwischen den Gemeinden Monforte d&#8217;Alba mit den Cru San Giovanni und Bricco San Pietro, Barolo mit dem Cru Paiagallo und Novello mit dem Cru Ravera erstrecken.<\/p>\n","protected":false},"excerpt":{"rendered":"<p>Die Weine der Bezeichnung Barolo DOCG entsprechen den Typen Barolo und Barolo Riserva und werden aus der reinen Weinbereitung der Nebbiolo-Rebe gewonnen, die nach traditionellen&#8230;<\/p>\n","protected":false},"author":1,"featured_media":0,"parent":0,"menu_order":0,"comment_status":"closed","ping_status":"closed","template":"template-vini.php","meta":{"inline_featured_image":false,"footnotes":""},"class_list":["post-823","page","type-page","status-publish","hentry"],"acf":[],"_links":{"self":[{"href":"https:\/\/broccardo.it\/de\/wp-json\/wp\/v2\/pages\/823","targetHints":{"allow":["GET"]}}],"collection":[{"href":"https:\/\/broccardo.it\/de\/wp-json\/wp\/v2\/pages"}],"about":[{"href":"https:\/\/broccardo.it\/de\/wp-json\/wp\/v2\/types\/page"}],"author":[{"embeddable":true,"href":"https:\/\/broccardo.it\/de\/wp-json\/wp\/v2\/users\/1"}],"replies":[{"embeddable":true,"href":"https:\/\/broccardo.it\/de\/wp-json\/wp\/v2\/comments?post=823"}],"version-history":[{"count":2,"href":"https:\/\/broccardo.it\/de\/wp-json\/wp\/v2\/pages\/823\/revisions"}],"predecessor-version":[{"id":862,"href":"https:\/\/broccardo.it\/de\/wp-json\/wp\/v2\/pages\/823\/revisions\/862"}],"wp:attachment":[{"href":"https:\/\/broccardo.it\/de\/wp-json\/wp\/v2\/media?parent=823"}],"curies":[{"name":"wp","href":"https:\/\/api.w.org\/{rel}","templated":true}]}}