{"id":901,"date":"2023-10-10T18:52:10","date_gmt":"2023-10-10T16:52:10","guid":{"rendered":"https:\/\/broccardo.it\/premi\/2023-2\/"},"modified":"2023-10-10T18:53:00","modified_gmt":"2023-10-10T16:53:00","slug":"2023-2","status":"publish","type":"page","link":"https:\/\/broccardo.it\/de\/premi\/2023-2\/","title":{"rendered":"2023"},"content":{"rendered":"\n<p>Jede Erkenntnis ist kein Endpunkt, sondern ein Ausgangspunkt. Wir sind gl\u00fccklich und stolz darauf, von den wichtigsten Namen der Wein- und Getr\u00e4nkewelt bewertet worden zu sein, und arbeiten gleichzeitig wie immer daran, die Qualit\u00e4t unserer Weine und die Liebe zum Land, aus dem sie hervorgehen, zu best\u00e4tigen.<\/p>\n","protected":false},"excerpt":{"rendered":"<p>Jede Erkenntnis ist kein Endpunkt, sondern ein Ausgangspunkt. Wir sind gl\u00fccklich und stolz darauf, von den wichtigsten Namen der Wein- und Getr\u00e4nkewelt bewertet worden zu&#8230;<\/p>\n","protected":false},"author":2,"featured_media":0,"parent":825,"menu_order":0,"comment_status":"closed","ping_status":"closed","template":"template-premi.php","meta":{"inline_featured_image":false,"footnotes":""},"class_list":["post-901","page","type-page","status-publish","hentry"],"acf":[],"_links":{"self":[{"href":"https:\/\/broccardo.it\/de\/wp-json\/wp\/v2\/pages\/901","targetHints":{"allow":["GET"]}}],"collection":[{"href":"https:\/\/broccardo.it\/de\/wp-json\/wp\/v2\/pages"}],"about":[{"href":"https:\/\/broccardo.it\/de\/wp-json\/wp\/v2\/types\/page"}],"author":[{"embeddable":true,"href":"https:\/\/broccardo.it\/de\/wp-json\/wp\/v2\/users\/2"}],"replies":[{"embeddable":true,"href":"https:\/\/broccardo.it\/de\/wp-json\/wp\/v2\/comments?post=901"}],"version-history":[{"count":1,"href":"https:\/\/broccardo.it\/de\/wp-json\/wp\/v2\/pages\/901\/revisions"}],"predecessor-version":[{"id":902,"href":"https:\/\/broccardo.it\/de\/wp-json\/wp\/v2\/pages\/901\/revisions\/902"}],"up":[{"embeddable":true,"href":"https:\/\/broccardo.it\/de\/wp-json\/wp\/v2\/pages\/825"}],"wp:attachment":[{"href":"https:\/\/broccardo.it\/de\/wp-json\/wp\/v2\/media?parent=901"}],"curies":[{"name":"wp","href":"https:\/\/api.w.org\/{rel}","templated":true}]}}